{"id":4,"date":"2016-01-21T13:02:02","date_gmt":"2016-01-21T13:02:02","guid":{"rendered":"https:\/\/minimoyz.lu\/?page_id=4"},"modified":"2019-05-24T20:58:28","modified_gmt":"2019-05-24T20:58:28","slug":"acceuil","status":"publish","type":"page","link":"https:\/\/minimoyz.lu\/","title":{"rendered":"Accueil"},"content":{"rendered":"<p>[vc_row el_id=\u00a0\u00bbpsychomotricite\u00a0\u00bb][vc_column][vc_empty_space height=\u00a0\u00bb50px\u00a0\u00bb][vc_column_text]<\/p>\n<h2>Psychomotricit\u00e9 relationnelle selon <em>AUCOUTURIER<\/em><\/h2>\n<ul>\n<li>L\u2019apprentissage de l\u2019estime de soi<\/li>\n<li>Favorisation du d\u00e9veloppement de l\u2019enfant globale par te biais du plaisir et du ludique<\/li>\n<li>Le respect (rythme biologique de l\u2019enfant, de soi et d\u2019autrui)<\/li>\n<li>Epanouissement personnel de l\u2019enfant<\/li>\n<li>Le relationnel, la communication et la confiance<\/li>\n<\/ul>\n<p>[\/vc_column_text][vc_empty_space height=\u00a0\u00bb50px\u00a0\u00bb][\/vc_column][\/vc_row][vc_row full_width=\u00a0\u00bbstretch_row\u00a0\u00bb parallax=\u00a0\u00bbcontent-moving\u00a0\u00bb parallax_image=\u00a0\u00bb228&Prime; parallax_speed_bg=\u00a0\u00bb2&Prime; el_id=\u00a0\u00bbvisual\u00a0\u00bb css=\u00a0\u00bb.vc_custom_1465572219912{padding-top: 200px !important;padding-bottom: 200px !important;background-image: url(https:\/\/minimoyz.lu\/wp-content\/uploads\/2016\/06\/20160217_100240.jpg?id=228) !important;background-position: center;background-repeat: no-repeat;background-size: cover !important;}\u00a0\u00bb][vc_column width=\u00a0\u00bb5\/6&Prime;][vc_column_text]<\/p>\n<h2>NOTRE MOTEUR :<br \/>\nAventure &amp; D\u00e9couverte<br \/>\npar la manipulation<br \/>\ndes <em>5 sens.<\/em><\/h2>\n<p>[\/vc_column_text][\/vc_column][vc_column width=\u00a0\u00bb1\/6&Prime;][\/vc_column][\/vc_row][vc_row][vc_column][vc_empty_space height=\u00a0\u00bb50px\u00a0\u00bb][vc_column_text]<\/p>\n<h2>\u00c0 PROPOS DE NOTRE CR\u00c8CHE<\/h2>\n<p>[\/vc_column_text][\/vc_column][\/vc_row][vc_row el_id=\u00a0\u00bba-propos\u00a0\u00bb][vc_column width=\u00a0\u00bb1\/6&Prime; el_class=\u00a0\u00bbenfants\u00a0\u00bb][vc_single_image image=\u00a0\u00bb42&Prime; img_size=\u00a0\u00bbfull\u00a0\u00bb alignment=\u00a0\u00bbcenter\u00a0\u00bb style=\u00a0\u00bbvc_box_rounded\u00a0\u00bb css=\u00a0\u00bb.vc_custom_1457606384626{margin-bottom: 0px !important;}\u00a0\u00bb][vc_column_text]Enfants de <span style=\"color: #333399;\"><strong>3 mois\u00a0\u00e0 4 ans<\/strong><\/span>[\/vc_column_text][\/vc_column][vc_column width=\u00a0\u00bb1\/6&Prime; el_class=\u00a0\u00bbheure\u00a0\u00bb][vc_single_image image=\u00a0\u00bb43&Prime; img_size=\u00a0\u00bbfull\u00a0\u00bb alignment=\u00a0\u00bbcenter\u00a0\u00bb style=\u00a0\u00bbvc_box_rounded\u00a0\u00bb css=\u00a0\u00bb.vc_custom_1457606393315{margin-bottom: 0px !important;}\u00a0\u00bb][vc_column_text]<\/p>\n<p class=\"p1\"><span class=\"s1\"><span style=\"color: #ff9900;\"><b>Ouverture de 6.00 \u2013\u00a020.00 h <\/b><\/span>du Lundi au Samedi<\/span><\/p>\n<p>[\/vc_column_text][\/vc_column][vc_column width=\u00a0\u00bb1\/6&Prime; el_class=\u00a0\u00bbeuro\u00a0\u00bb][vc_single_image image=\u00a0\u00bb44&Prime; img_size=\u00a0\u00bbfull\u00a0\u00bb alignment=\u00a0\u00bbcenter\u00a0\u00bb style=\u00a0\u00bbvc_box_rounded\u00a0\u00bb css=\u00a0\u00bb.vc_custom_1457606409977{margin-bottom: 0px !important;}\u00a0\u00bb][vc_column_text]<span style=\"color: #800080;\"><strong>Tarifs \u00e0 l&rsquo;heure<\/strong><\/span>, inclus: repas \u00e9quilibr\u00e9\/lait en poudre, couches, mat\u00e9riel, activit\u00e9s\/excursion[\/vc_column_text][\/vc_column][vc_column width=\u00a0\u00bb1\/6&Prime;][vc_single_image image=\u00a0\u00bb45&Prime; img_size=\u00a0\u00bbfull\u00a0\u00bb alignment=\u00a0\u00bbcenter\u00a0\u00bb style=\u00a0\u00bbvc_box_rounded\u00a0\u00bb css=\u00a0\u00bb.vc_custom_1457606427631{margin-bottom: 0px !important;}\u00a0\u00bb][vc_column_text]Ulilisation des <span style=\"color: #ff0000;\"><strong>Ch\u00e8ques Services<\/strong><\/span>[\/vc_column_text][\/vc_column][vc_column width=\u00a0\u00bb1\/6&Prime;][vc_single_image image=\u00a0\u00bb46&Prime; img_size=\u00a0\u00bbfull\u00a0\u00bb alignment=\u00a0\u00bbcenter\u00a0\u00bb style=\u00a0\u00bbvc_box_rounded\u00a0\u00bb css=\u00a0\u00bb.vc_custom_1457606435812{margin-bottom: 0px !important;}\u00a0\u00bb][vc_column_text]<\/p>\n<p class=\"p1\"><span class=\"s1\"><b><span style=\"color: #00ccff;\">Cong\u00e9s pr\u00e9vus<\/span> <\/b>et certificats m\u00e9dicaux non-factur\u00e9s<\/span><\/p>\n<p>[\/vc_column_text][\/vc_column][vc_column width=\u00a0\u00bb1\/6&Prime;][vc_single_image image=\u00a0\u00bb47&Prime; img_size=\u00a0\u00bbfull\u00a0\u00bb alignment=\u00a0\u00bbcenter\u00a0\u00bb style=\u00a0\u00bbvc_box_rounded\u00a0\u00bb css=\u00a0\u00bb.vc_custom_1457606445572{margin-bottom: 0px !important;}\u00a0\u00bb][vc_column_text]<\/p>\n<p class=\"p1\"><span class=\"s1\"><span style=\"color: #339966;\"><b>Transport extra-scolaire <\/b><\/span>possible (maladie d&rsquo;un des parents, pas de permis ou pr\u00e9coce)<\/span><\/p>\n<p>[\/vc_column_text][\/vc_column][\/vc_row][vc_row el_id=\u00a0\u00bbpersonelle\u00a0\u00bb][vc_column][vc_empty_space height=\u00a0\u00bb50px\u00a0\u00bb][vc_column_text]<\/p>\n<h2>NOTRE PERSONNEL<\/h2>\n<p>[\/vc_column_text][vc_column_text]<\/p>\n<p class=\"p1\"><span class=\"s1\">L\u2019\u00e9quipe p\u00e9dagogique est compos\u00e9e d\u2019une responsable \u00e9ducatrice dipl\u00f4m\u00e9e ayant une exp\u00e9rience professionnelle de plus de 12 ann\u00e9es, d&rsquo;une \u00e9ducatrice\/ pu\u00e9ricultrice ayant une exp\u00e9rience de 23 ans, d&rsquo;une aide-\u00e9ducatrice ainsi que d\u2019autres personnes qualifi\u00e9s \u2026<\/span><\/p>\n<p class=\"p1\"><span class=\"s1\">Nous parlons luxembourgeois (3\/4 du personnel) et fran\u00e7ais au sein de notre institution.<\/span><\/p>\n<p>[\/vc_column_text]<div id=\"ult-carousel-178806983069f9df74316d0\" class=\"ult-carousel-wrapper   ult_horizontal\" data-gutter=\"15\" data-rtl=\"false\" ><div class=\"ult-carousel-50919716269f9df7431598 \" ><div class=\"ult-item-wrap\" data-animation=\"animated no-animation\"><div class=\"ult-team-member-wrap ult-style-1  \"><div class=\"ult-team-member-image\" style=\"\"> <img decoding=\"async\" class=\"\" src=\"https:\/\/minimoyz.lu\/wp-content\/uploads\/2016\/01\/moy1_team.jpg\" alt=\"null\"  style=\"\"><span class=\"ult-team-member-image-overlay \"  ><\/span><\/div><div class=\"ult-team-member-bio-wrap style-1 ultimate-heading69f9df7431908\" style=\"text-align:center;; \"><div class=\"ult-team-member-name-wrap\"><h2 class=\"ult-team-member-name ult-responsive\"  data-ultimate-target='.ult-team-member-bio-wrap.ultimate-heading69f9df7431908 .ult-team-member-name'  data-responsive-json-new='{\"font-size\":\"\",\"line-height\":\"\"}'  style=\"\">Ang\u00e9lique<\/h2><div style=\"margin-bottom:15px\"><\/div><\/div><\/div><\/div><\/div><div class=\"ult-item-wrap\" data-animation=\"animated no-animation\"><div class=\"ult-team-member-wrap ult-style-1  \"><div class=\"ult-team-member-image\" style=\"\"> <img decoding=\"async\" class=\"\" src=\"https:\/\/minimoyz.lu\/wp-content\/uploads\/2016\/01\/moy6_team.jpg\" alt=\"null\"  style=\"\"><span class=\"ult-team-member-image-overlay \"  ><\/span><\/div><div class=\"ult-team-member-bio-wrap style-1 ultimate-heading69f9df7431a5c\" style=\"text-align:center;; \"><div class=\"ult-team-member-name-wrap\"><h2 class=\"ult-team-member-name ult-responsive\"  data-ultimate-target='.ult-team-member-bio-wrap.ultimate-heading69f9df7431a5c .ult-team-member-name'  data-responsive-json-new='{\"font-size\":\"\",\"line-height\":\"\"}'  style=\"\">Karen<\/h2><div style=\"margin-bottom:15px\"><\/div><\/div><\/div><\/div><\/div><div class=\"ult-item-wrap\" data-animation=\"animated no-animation\"><div class=\"ult-team-member-wrap ult-style-1  \"><div class=\"ult-team-member-image\" style=\"\"> <img decoding=\"async\" class=\"\" src=\"https:\/\/minimoyz.lu\/wp-content\/uploads\/2016\/01\/moy4_team.jpg\" alt=\"null\"  style=\"\"><span class=\"ult-team-member-image-overlay \"  ><\/span><\/div><div class=\"ult-team-member-bio-wrap style-1 ultimate-heading69f9df7431b81\" style=\"text-align:center;; \"><div class=\"ult-team-member-name-wrap\"><h2 class=\"ult-team-member-name ult-responsive\"  data-ultimate-target='.ult-team-member-bio-wrap.ultimate-heading69f9df7431b81 .ult-team-member-name'  data-responsive-json-new='{\"font-size\":\"\",\"line-height\":\"\"}'  style=\"\">Cathy<\/h2><div style=\"margin-bottom:15px\"><\/div><\/div><\/div><\/div><\/div><div class=\"ult-item-wrap\" data-animation=\"animated no-animation\"><div class=\"ult-team-member-wrap ult-style-1  \"><div class=\"ult-team-member-image\" style=\"\"> <img decoding=\"async\" class=\"\" src=\"https:\/\/minimoyz.lu\/wp-content\/uploads\/2016\/01\/moy2_team.jpg\" alt=\"null\"  style=\"\"><span class=\"ult-team-member-image-overlay \"  ><\/span><\/div><div class=\"ult-team-member-bio-wrap style-1 ultimate-heading69f9df7431cac\" style=\"text-align:center;; \"><div class=\"ult-team-member-name-wrap\"><h2 class=\"ult-team-member-name ult-responsive\"  data-ultimate-target='.ult-team-member-bio-wrap.ultimate-heading69f9df7431cac .ult-team-member-name'  data-responsive-json-new='{\"font-size\":\"\",\"line-height\":\"\"}'  style=\"\">Anne<\/h2><div style=\"margin-bottom:15px\"><\/div><\/div><\/div><\/div><\/div><div class=\"ult-item-wrap\" data-animation=\"animated no-animation\"><div class=\"ult-team-member-wrap ult-style-1  \"><div class=\"ult-team-member-image\" style=\"\"> <img decoding=\"async\" class=\"\" src=\"https:\/\/minimoyz.lu\/wp-content\/uploads\/2016\/06\/IMG_0054-e1465576474901.jpg\" alt=\"null\"  style=\"\"><span class=\"ult-team-member-image-overlay \"  ><\/span><\/div><div class=\"ult-team-member-bio-wrap style-1 ultimate-heading69f9df7431dcb\" style=\"text-align:center;; \"><div class=\"ult-team-member-name-wrap\"><h2 class=\"ult-team-member-name ult-responsive\"  data-ultimate-target='.ult-team-member-bio-wrap.ultimate-heading69f9df7431dcb .ult-team-member-name'  data-responsive-json-new='{\"font-size\":\"\",\"line-height\":\"\"}'  style=\"\">Gilles <\/h2><div style=\"margin-bottom:15px\"><\/div><\/div><\/div><\/div><\/div><div class=\"ult-item-wrap\" data-animation=\"animated no-animation\"><div class=\"ult-team-member-wrap ult-style-1  \"><div class=\"ult-team-member-image\" style=\"\"> <img decoding=\"async\" class=\"\" src=\"https:\/\/minimoyz.lu\/wp-content\/uploads\/2016\/01\/moy-icon-moy.png\" alt=\"null\"  style=\"\"><span class=\"ult-team-member-image-overlay \"  ><\/span><\/div><div class=\"ult-team-member-bio-wrap style-1 ultimate-heading69f9df7431eec\" style=\"text-align:center;; \"><div class=\"ult-team-member-name-wrap\"><h2 class=\"ult-team-member-name ult-responsive\"  data-ultimate-target='.ult-team-member-bio-wrap.ultimate-heading69f9df7431eec .ult-team-member-name'  data-responsive-json-new='{\"font-size\":\"\",\"line-height\":\"\"}'  style=\"\">Charline<\/h2><div style=\"margin-bottom:15px\"><\/div><\/div><\/div><\/div><\/div><\/div><\/div>            <script type=\"text\/javascript\">\n\t\t\t\tjQuery(document).ready(function($){\n               \t\t$('.ult-carousel-50919716269f9df7431598').slick({dots: true,autoplaySpeed: 5000,speed: 300,infinite: true,arrows: true,nextArrow: '<button type=\"button\" style=\"color:#999999; font-size:48px;\" class=\"slick-next default\"><i class=\"ultsl-arrow-right4\"><\/i><\/button>',prevArrow: '<button type=\"button\" style=\"color:#999999; font-size:48px;\" class=\"slick-prev default\"><i class=\"ultsl-arrow-left4\"><\/i><\/button>',slidesToScroll:3,slidesToShow:3,swipe: true,draggable: true,touchMove: true,responsive: [\n\t\t\t\t\t\t\t{\n\t\t\t\t\t\t\t  breakpoint: 1025,\n\t\t\t\t\t\t\t  settings: {\n\t\t\t\t\t\t\t\tslidesToShow: 3,\n\t\t\t\t\t\t\t\tslidesToScroll: 3,  \n\t\t\t\t\t\t\t  }\n\t\t\t\t\t\t\t},\n\t\t\t\t\t\t\t{\n\t\t\t\t\t\t\t  breakpoint: 769,\n\t\t\t\t\t\t\t  settings: {\n\t\t\t\t\t\t\t\tslidesToShow: 3,\n\t\t\t\t\t\t\t\tslidesToScroll: 3\n\t\t\t\t\t\t\t  }\n\t\t\t\t\t\t\t},\n\t\t\t\t\t\t\t{\n\t\t\t\t\t\t\t  breakpoint: 481,\n\t\t\t\t\t\t\t  settings: {\n\t\t\t\t\t\t\t\tslidesToShow: 1,\n\t\t\t\t\t\t\t\tslidesToScroll: 1\n\t\t\t\t\t\t\t  }\n\t\t\t\t\t\t\t}\n\t\t\t\t\t\t],pauseOnHover: true,\n\t\t\t\t\t\tpauseOnDotsHover: true,customPaging: function(slider, i) {\n                   return '<i type=\"button\" style=\"color:#848484;\" class=\"ultsl-record\" data-role=\"none\"><\/i>';\n                },});\n\t\t\t\t});\n\t\t\t<\/script>\n            [\/vc_column][\/vc_row][vc_row el_id=\u00a0\u00bbactivites\u00a0\u00bb][vc_column][vc_empty_space height=\u00a0\u00bb50px\u00a0\u00bb][vc_column_text]<\/p>\n<h2>NOS ACTIVIT\u00c9S<\/h2>\n<p>[\/vc_column_text][vc_column_text]<strong><span style=\"color: #339966;\">L\u2019\u00e9panouissement personnel de l\u2019enfant<\/span><\/strong>\u00a0\u00e9tant \u00e0 la base de notre philosophie p\u00e9dagogique\u2009: nous proposons des activit\u00e9s adapt\u00e9es aux enfants et \u00e0 leur rythme bas\u00e9es sur le <span style=\"color: #ff6600;\">RESPECT<\/span> de soi et de l&rsquo;autre, l\u2019entraide, le d\u00e9veloppement de l&rsquo;autonomie, ainsi que le <span style=\"color: #3366ff;\">PLAISIR<\/span>.<\/p>\n<p>Activit\u00e9s: psychomotrices, musicales, culinaires, artistiques, langagi\u00e8res, \u00e9cologique, sensori-motrices, sensorielles, aquatiques, \u2026[\/vc_column_text][vc_column_text]<\/p>\n<h3>O\u00d9?<\/h3>\n<p>[\/vc_column_text][vc_column_text]<\/p>\n<ul>\n<li>En pleine nature dans un environnement paisible<\/li>\n<li>Grand jardin et petit \u00e9tang s\u00e9curis\u00e9<\/li>\n<li>Petite serre pour du jardinage avec les bambins. (en cr\u00e9ation)<\/li>\n<li>Salle snoezel<\/li>\n<li>Salle de psychomotricit\u00e9<\/li>\n<li>Maison spacieuse et familiale<\/li>\n<li>S\u00e9curisation\u2026 en conformit\u00e9 (nouvel agr\u00e9ment minist\u00e9riel)<\/li>\n<\/ul>\n<p>[\/vc_column_text][vc_empty_space height=\u00a0\u00bb50px\u00a0\u00bb][\/vc_column][\/vc_row][vc_row full_width=\u00a0\u00bbstretch_row\u00a0\u00bb el_id=\u00a0\u00bbactualite\u00a0\u00bb][vc_column][vc_empty_space][vc_column_text]<\/p>\n<h2>ACTUALIT\u00c9S<\/h2>\n<p>[\/vc_column_text][vc_basic_grid post_type=\u00a0\u00bbpost\u00a0\u00bb max_items=\u00a0\u00bb100&Prime; style=\u00a0\u00bbpagination\u00a0\u00bb items_per_page=\u00a0\u00bb2&Prime; element_width=\u00a0\u00bb6&Prime; item=\u00a0\u00bb122&Prime; grid_id=\u00a0\u00bbvc_gid:1558731473380-a10dc4634fc407bb6af4078dccae2bf9-0&Prime;][\/vc_column][\/vc_row][vc_row el_id=\u00a0\u00bbcontact\u00a0\u00bb][vc_column][vc_empty_space height=\u00a0\u00bb50px\u00a0\u00bb][vc_column_text]<\/p>\n<h2>CONTACT<\/h2>\n<p>[\/vc_column_text]<div role=\"form\" class=\"wpcf7\" id=\"wpcf7-f55-o1\" lang=\"en-US\" dir=\"ltr\">\n<div class=\"screen-reader-response\" aria-live=\"polite\"><\/div>\n<form action=\"\/index.php?rest_route=%2Fwp%2Fv2%2Fpages%2F4#wpcf7-f55-o1\" method=\"post\" class=\"wpcf7-form\" novalidate=\"novalidate\">\n<div style=\"display: none;\">\n<input type=\"hidden\" name=\"_wpcf7\" value=\"55\" \/>\n<input type=\"hidden\" name=\"_wpcf7_version\" value=\"5.1.9\" \/>\n<input type=\"hidden\" name=\"_wpcf7_locale\" value=\"en_US\" \/>\n<input type=\"hidden\" name=\"_wpcf7_unit_tag\" value=\"wpcf7-f55-o1\" \/>\n<input type=\"hidden\" name=\"_wpcf7_container_post\" value=\"0\" \/>\n<\/div>\n<div class=\"col-md-4 nom-field\">\n<p>Votre nom*<\/p>\n<p><span class=\"wpcf7-form-control-wrap your-name\"><input type=\"text\" name=\"your-name\" value=\"\" size=\"40\" class=\"wpcf7-form-control wpcf7-text wpcf7-validates-as-required\" aria-required=\"true\" aria-invalid=\"false\" placeholder=\"Votre Nom\" \/><\/span>\n<\/p><\/div>\n<div class=\"col-md-4 mail-field\">\n<p>Votre email*<\/p>\n<p>    <span class=\"wpcf7-form-control-wrap your-email\"><input type=\"email\" name=\"your-email\" value=\"\" size=\"40\" class=\"wpcf7-form-control wpcf7-text wpcf7-email wpcf7-validates-as-required wpcf7-validates-as-email\" aria-required=\"true\" aria-invalid=\"false\" placeholder=\"E-mail\" \/><\/span>\n<\/p><\/div>\n<div class=\"col-md-4 tel-field\">\n<p>T\u00e9l\u00e9phone<\/p>\n<p>    <span class=\"wpcf7-form-control-wrap tel-148\"><input type=\"tel\" name=\"tel-148\" value=\"\" size=\"40\" class=\"wpcf7-form-control wpcf7-text wpcf7-tel wpcf7-validates-as-tel\" aria-invalid=\"false\" placeholder=\"(+352)\" \/><\/span>\n<\/p><\/div>\n<div class=\"col-md-12 message-field\">\n<p>Message*<\/p>\n<p>    <span class=\"wpcf7-form-control-wrap message\"><textarea name=\"message\" cols=\"40\" rows=\"10\" class=\"wpcf7-form-control wpcf7-textarea wpcf7-validates-as-required\" aria-required=\"true\" aria-invalid=\"false\" placeholder=\"Votre message\"><\/textarea><\/span><\/p>\n<p>* champs requis<\/p>\n<\/div>\n<div class=\"col-md-12 envoyer-btn\">\n    <input type=\"submit\" value=\"Envoyer\" class=\"wpcf7-form-control wpcf7-submit\" \/>\n<\/div>\n<div class=\"wpcf7-response-output wpcf7-display-none\" aria-hidden=\"true\"><\/div><\/form><\/div>[vc_empty_space height=\u00a0\u00bb50px\u00a0\u00bb][\/vc_column][\/vc_row][vc_row el_id=\u00a0\u00bbmap\u00a0\u00bb][vc_column]<div id='wrap_map_69f9df7432874' class='ultimate-map-wrapper ult-adjust-bottom-margin ' style=' height:400px;'><div id='map_69f9df7432874' data-map_override='full' class='ultimate_google_map wpb_content_element page_margin_top' style='width:100%;height:400px;'><\/div><\/div><script type='text\/javascript'>\n\t\t\t(function($) {\n  \t\t\t'use strict';\n\t\t\tvar map_map_69f9df7432874 = null;\n\t\t\tvar coordinate_map_69f9df7432874;\n\t\t\tvar isDraggable = $(document).width() > 641 ? true : false;\n\t\t\ttry\n\t\t\t{\n\t\t\t\tvar map_map_69f9df7432874 = null;\n\t\t\t\tvar coordinate_map_69f9df7432874;\n\t\t\t\tcoordinate_map_69f9df7432874=new google.maps.LatLng(49.80797, 5.86063);\n\t\t\t\tvar mapOptions=\n\t\t\t\t{\n\t\t\t\t\tzoom: 17,\n\t\t\t\t\tcenter: coordinate_map_69f9df7432874,\n\t\t\t\t\tscaleControl: true,\n\t\t\t\t\tstreetViewControl: false,\n\t\t\t\t\tmapTypeControl: false,\n\t\t\t\t\tpanControl: false,\n\t\t\t\t\tzoomControl: true,\n\t\t\t\t\tscrollwheel: true,\n\t\t\t\t\tdraggable: isDraggable,\n\t\t\t\t\tzoomControlOptions: {\n\t\t\t\t\t  style: google.maps.ZoomControlStyle.SMALL\n\t\t\t\t\t},mapTypeId: google.maps.MapTypeId.ROADMAP,};var map_map_69f9df7432874 = new google.maps.Map(document.getElementById('map_69f9df7432874'),mapOptions);\n\t\t\t\t\t\tvar x = 'infowindow_open_value';\n\t\t\t\t\t\tvar marker_map_69f9df7432874 = new google.maps.Marker({\n\t\t\t\t\t\tposition: new google.maps.LatLng(49.80797, 5.86063),\n\t\t\t\t\t\tanimation:  google.maps.Animation.DROP,\n\t\t\t\t\t\tmap: map_map_69f9df7432874,\n\t\t\t\t\t\ticon: 'https:\/\/minimoyz.lu\/wp-content\/uploads\/2016\/01\/map_pin_128px.png'\n\t\t\t\t\t});\n\t\t\t\t\tgoogle.maps.event.addListener(marker_map_69f9df7432874, 'click', toggleBounce);var infowindow = new google.maps.InfoWindow();\n\t\t\t\t\t\t\tinfowindow.setContent('<div class=\"map_info_text\" style=\\'color:#000;\\'>MINIMOYZ S\u00c0RL<br \/> 12, rue de Lannen<br \/> L-8537 HOSTERT (Rambrouch)<br \/> T\u00e9l.: (+352) 26 31 37 04<br \/> GSM: (+352) 621 35 07 81<br \/> info@minimoyz.lu<\/div>');google.maps.event.addListener(marker_map_69f9df7432874, 'click', function() {\n\t\t\t\t\t\t\t\tinfowindow.open(map_map_69f9df7432874,marker_map_69f9df7432874);\n\t\t\t\t\t\t  \t});}\n\t\t\tcatch(e){};\n\t\t\tjQuery(document).ready(function($){\n\t\t\t\tgoogle.maps.event.trigger(map_map_69f9df7432874, 'resize');\n\t\t\t\t$(window).resize(function(){\n\t\t\t\t\tgoogle.maps.event.trigger(map_map_69f9df7432874, 'resize');\n\t\t\t\t\tif(map_map_69f9df7432874!=null)\n\t\t\t\t\t\tmap_map_69f9df7432874.setCenter(coordinate_map_69f9df7432874);\n\t\t\t\t});\n\t\t\t\t$('.ui-tabs').bind('tabsactivate', function(event, ui) {\n\t\t\t\t   if($(this).find('.ultimate-map-wrapper').length > 0)\n\t\t\t\t\t{\n\t\t\t\t\t\tsetTimeout(function(){\n\t\t\t\t\t\t\t$(window).trigger('resize');\n\t\t\t\t\t\t},200);\n\t\t\t\t\t}\n\t\t\t\t});\n\t\t\t\t$('.ui-accordion').bind('accordionactivate', function(event, ui) {\n\t\t\t\t   if($(this).find('.ultimate-map-wrapper').length > 0)\n\t\t\t\t\t{\n\t\t\t\t\t\tsetTimeout(function(){\n\t\t\t\t\t\t\t$(window).trigger('resize');\n\t\t\t\t\t\t},200);\n\t\t\t\t\t}\n\t\t\t\t});\n\t\t\t\t$(window).load(function(){\n\t\t\t\t\tsetTimeout(function(){\n\t\t\t\t\t\t$(window).trigger('resize');\n\t\t\t\t\t},200);\n\t\t\t\t});\n\t\t\t\t$('.ult_exp_section').select(function(){\n\t\t\t\t\tif($(map_map_69f9df7432874).parents('.ult_exp_section'))\n\t\t\t\t\t{\n\t\t\t\t\t\tsetTimeout(function(){\n\t\t\t\t\t\t\t$(window).trigger('resize');\n\t\t\t\t\t\t},200);\n\t\t\t\t\t}\n\t\t\t\t});\n\t\t\t\t$(document).on('onUVCModalPopupOpen', function(){\n\t\t\t\t\tif($(map_map_69f9df7432874).parents('.ult_modal-content'))\n\t\t\t\t\t{\n\t\t\t\t\t\tsetTimeout(function(){\n\t\t\t\t\t\t\t$(window).trigger('resize');\n\t\t\t\t\t\t},200);\n\t\t\t\t\t}\n\t\t\t\t});\n\t\t\t\t$(document).on('click','.ult_tab_li',function(){\n\t\t\t\t\t$(window).trigger('resize');\n\t\t\t\t\tsetTimeout(function(){\n\t\t\t\t\t\t$(window).trigger('resize');\n\t\t\t\t\t},200);\n\t\t\t\t});\n\t\t\t});\n\t\t\tfunction toggleBounce() {\n\t\t\t  if (marker_map_69f9df7432874.getAnimation() != null) {\n\t\t\t\tmarker_map_69f9df7432874.setAnimation(null);\n\t\t\t  } else {\n\t\t\t\tmarker_map_69f9df7432874.setAnimation(google.maps.Animation.BOUNCE);\n\t\t\t  }\n\t\t\t}\n\t\t\t})(jQuery);\n\t\t\t<\/script>[\/vc_column][\/vc_row]<\/p>\n","protected":false},"excerpt":{"rendered":"<p>[vc_row el_id=\u00a0\u00bbpsychomotricite\u00a0\u00bb][vc_column][vc_empty_space height=\u00a0\u00bb50px\u00a0\u00bb][vc_column_text] Psychomotricit\u00e9 relationnelle selon AUCOUTURIER L\u2019apprentissage de l\u2019estime de soi Favorisation du d\u00e9veloppement de l\u2019enfant globale par te biais du plaisir et du ludique Le respect (rythme biologique de l\u2019enfant, de soi et d\u2019autrui) Epanouissement personnel de l\u2019enfant Le relationnel, la communication et la confiance [\/vc_column_text][vc_empty_space height=\u00a0\u00bb50px\u00a0\u00bb][\/vc_column][\/vc_row][vc_row full_width=\u00a0\u00bbstretch_row\u00a0\u00bb parallax=\u00a0\u00bbcontent-moving\u00a0\u00bb parallax_image=\u00a0\u00bb228&Prime; parallax_speed_bg=\u00a0\u00bb2&Prime; el_id=\u00a0\u00bbvisual\u00a0\u00bb css=\u00a0\u00bb.vc_custom_1465572219912{padding-top: &hellip; <a href=\"https:\/\/minimoyz.lu\/\">Continued<\/a><\/p>\n","protected":false},"author":1,"featured_media":0,"parent":0,"menu_order":0,"comment_status":"closed","ping_status":"closed","template":"template-home.php","meta":{"footnotes":""},"_links":{"self":[{"href":"https:\/\/minimoyz.lu\/index.php?rest_route=\/wp\/v2\/pages\/4"}],"collection":[{"href":"https:\/\/minimoyz.lu\/index.php?rest_route=\/wp\/v2\/pages"}],"about":[{"href":"https:\/\/minimoyz.lu\/index.php?rest_route=\/wp\/v2\/types\/page"}],"author":[{"embeddable":true,"href":"https:\/\/minimoyz.lu\/index.php?rest_route=\/wp\/v2\/users\/1"}],"replies":[{"embeddable":true,"href":"https:\/\/minimoyz.lu\/index.php?rest_route=%2Fwp%2Fv2%2Fcomments&post=4"}],"version-history":[{"count":46,"href":"https:\/\/minimoyz.lu\/index.php?rest_route=\/wp\/v2\/pages\/4\/revisions"}],"predecessor-version":[{"id":457,"href":"https:\/\/minimoyz.lu\/index.php?rest_route=\/wp\/v2\/pages\/4\/revisions\/457"}],"wp:attachment":[{"href":"https:\/\/minimoyz.lu\/index.php?rest_route=%2Fwp%2Fv2%2Fmedia&parent=4"}],"curies":[{"name":"wp","href":"https:\/\/api.w.org\/{rel}","templated":true}]}}