{"id":8,"date":"2016-01-21T13:02:31","date_gmt":"2016-01-21T13:02:31","guid":{"rendered":"https:\/\/minimoyz.lu\/?page_id=8"},"modified":"2016-03-25T16:46:37","modified_gmt":"2016-03-25T16:46:37","slug":"pre-inscription","status":"publish","type":"page","link":"https:\/\/minimoyz.lu\/?page_id=8","title":{"rendered":"Pr\u00e9-inscription"},"content":{"rendered":"<p>[vc_row full_width=\u00a0\u00bbstretch_row\u00a0\u00bb bg_type=\u00a0\u00bbbg_color\u00a0\u00bb bg_override=\u00a0\u00bbex-full\u00a0\u00bb css=\u00a0\u00bb.vc_custom_1458924391923{background-color: #1d009c !important;}\u00a0\u00bb bg_color_value=\u00a0\u00bb#1d009c\u00a0\u00bb el_id=\u00a0\u00bbh1-preinscription\u00a0\u00bb][vc_column][vc_column_text]<\/p>\n<h2>PR\u00c9-INSCRIPTION<\/h2>\n<p>[\/vc_column_text][\/vc_column][\/vc_row][vc_row el_id=\u00a0\u00bbcontact-preinscription\u00a0\u00bb][vc_column]<div role=\"form\" class=\"wpcf7\" id=\"wpcf7-f145-o1\" lang=\"fr-FR\" dir=\"ltr\">\n<div class=\"screen-reader-response\" aria-live=\"polite\"><\/div>\n<form action=\"\/index.php?rest_route=%2Fwp%2Fv2%2Fpages%2F8#wpcf7-f145-o1\" method=\"post\" class=\"wpcf7-form\" novalidate=\"novalidate\">\n<div style=\"display: none;\">\n<input type=\"hidden\" name=\"_wpcf7\" value=\"145\" \/>\n<input type=\"hidden\" name=\"_wpcf7_version\" value=\"5.1.9\" \/>\n<input type=\"hidden\" name=\"_wpcf7_locale\" value=\"fr_FR\" \/>\n<input type=\"hidden\" name=\"_wpcf7_unit_tag\" value=\"wpcf7-f145-o1\" \/>\n<input type=\"hidden\" name=\"_wpcf7_container_post\" value=\"0\" \/>\n<\/div>\n<p><span class=\"wpcf7-form-control-wrap nom\"><input type=\"text\" name=\"nom\" value=\"\" size=\"40\" class=\"wpcf7-form-control wpcf7-text wpcf7-validates-as-required\" aria-required=\"true\" aria-invalid=\"false\" placeholder=\"Nom et pr\u00e9nom du repr\u00e9sentant l\u00e9gal\" \/><\/span><br \/>\n<span class=\"wpcf7-form-control-wrap email\"><input type=\"email\" name=\"email\" value=\"\" size=\"40\" class=\"wpcf7-form-control wpcf7-text wpcf7-email wpcf7-validates-as-required wpcf7-validates-as-email\" aria-required=\"true\" aria-invalid=\"false\" placeholder=\"Email\" \/><\/span><br \/>\n<span class=\"wpcf7-form-control-wrap nom-enfant\"><input type=\"text\" name=\"nom-enfant\" value=\"\" size=\"40\" class=\"wpcf7-form-control wpcf7-text wpcf7-validates-as-required\" aria-required=\"true\" aria-invalid=\"false\" placeholder=\"Nom et pr\u00e9nom de l&#039;enfant\" \/><\/span><br \/>\n<span class=\"wpcf7-form-control-wrap adresse\"><input type=\"text\" name=\"adresse\" value=\"\" size=\"40\" class=\"wpcf7-form-control wpcf7-text wpcf7-validates-as-required\" aria-required=\"true\" aria-invalid=\"false\" placeholder=\"Adresse\" \/><\/span><br \/>\n<span class=\"wpcf7-form-control-wrap code-postal\"><input type=\"text\" name=\"code-postal\" value=\"\" size=\"40\" class=\"wpcf7-form-control wpcf7-text wpcf7-validates-as-required\" aria-required=\"true\" aria-invalid=\"false\" placeholder=\"Code postal\" \/><\/span><br \/>\n<span class=\"wpcf7-form-control-wrap commune\"><input type=\"text\" name=\"commune\" value=\"\" size=\"40\" class=\"wpcf7-form-control wpcf7-text\" aria-invalid=\"false\" placeholder=\"Commune\" \/><\/span><br \/>\n<span class=\"wpcf7-form-control-wrap radio-pays\"><span class=\"wpcf7-form-control wpcf7-radio\"><span class=\"wpcf7-list-item first\"><input type=\"radio\" name=\"radio-pays\" value=\"Allemagne\" checked=\"checked\" \/><span class=\"wpcf7-list-item-label\">Allemagne<\/span><\/span><span class=\"wpcf7-list-item\"><input type=\"radio\" name=\"radio-pays\" value=\"Belgique\" \/><span class=\"wpcf7-list-item-label\">Belgique<\/span><\/span><span class=\"wpcf7-list-item\"><input type=\"radio\" name=\"radio-pays\" value=\"France\" \/><span class=\"wpcf7-list-item-label\">France<\/span><\/span><span class=\"wpcf7-list-item last\"><input type=\"radio\" name=\"radio-pays\" value=\"Luxembourg\" \/><span class=\"wpcf7-list-item-label\">Luxembourg<\/span><\/span><\/span><\/span><br \/>\n<span class=\"wpcf7-form-control-wrap tel\"><input type=\"tel\" name=\"tel\" value=\"\" size=\"40\" class=\"wpcf7-form-control wpcf7-text wpcf7-tel wpcf7-validates-as-tel\" aria-invalid=\"false\" placeholder=\"T\u00e9l\u00e9phone\" \/><\/span><\/p>\n<p>Date de naissance de l'enfant:<br \/>\n<span class=\"wpcf7-form-control-wrap date-enf\"><input type=\"date\" name=\"date-enf\" value=\"\" class=\"wpcf7-form-control wpcf7-date wpcf7-validates-as-required wpcf7-validates-as-date\" aria-required=\"true\" aria-invalid=\"false\" placeholder=\"Date de naissance de l&#039;enfant\" \/><\/span><\/p>\n<p>Date souhait\u00e9e pour l\u2019entr\u00e9e en cr\u00e8che:<br \/>\n<span class=\"wpcf7-form-control-wrap date-sou\"><input type=\"date\" name=\"date-sou\" value=\"\" class=\"wpcf7-form-control wpcf7-date wpcf7-validates-as-required wpcf7-validates-as-date\" aria-required=\"true\" aria-invalid=\"false\" placeholder=\"Date souhait\u00e9e pour l\u2019entr\u00e9e en cr\u00e8che\" \/><\/span><\/p>\n<p>Type de contrat souhait\u00e9:<br \/>\n<span class=\"wpcf7-form-control-wrap radio-contrat\"><span class=\"wpcf7-form-control wpcf7-radio\"><span class=\"wpcf7-list-item first\"><input type=\"radio\" name=\"radio-contrat\" value=\"Temps complet\" checked=\"checked\" \/><span class=\"wpcf7-list-item-label\">Temps complet<\/span><\/span><span class=\"wpcf7-list-item\"><input type=\"radio\" name=\"radio-contrat\" value=\"4\/5 \u00e8me\" \/><span class=\"wpcf7-list-item-label\">4\/5 \u00e8me<\/span><\/span><span class=\"wpcf7-list-item\"><input type=\"radio\" name=\"radio-contrat\" value=\"3\/5 \u00e8me\" \/><span class=\"wpcf7-list-item-label\">3\/5 \u00e8me<\/span><\/span><span class=\"wpcf7-list-item\"><input type=\"radio\" name=\"radio-contrat\" value=\"Mi-temps matin\" \/><span class=\"wpcf7-list-item-label\">Mi-temps matin<\/span><\/span><span class=\"wpcf7-list-item last\"><input type=\"radio\" name=\"radio-contrat\" value=\"Mi-temps apr\u00e8s-midi\" \/><span class=\"wpcf7-list-item-label\">Mi-temps apr\u00e8s-midi<\/span><\/span><\/span><\/span><\/p>\n<p><span class=\"wpcf7-form-control-wrap message\"><textarea name=\"message\" cols=\"40\" rows=\"10\" class=\"wpcf7-form-control wpcf7-textarea\" aria-invalid=\"false\" placeholder=\"Message\"><\/textarea><\/span><br \/>\n<input type=\"submit\" value=\"Envoyer\" class=\"wpcf7-form-control wpcf7-submit\" \/><\/p>\n<div class=\"wpcf7-response-output wpcf7-display-none\" aria-hidden=\"true\"><\/div><\/form><\/div>[\/vc_column][\/vc_row]<\/p>\n","protected":false},"excerpt":{"rendered":"<p>[vc_row full_width=\u00a0\u00bbstretch_row\u00a0\u00bb bg_type=\u00a0\u00bbbg_color\u00a0\u00bb bg_override=\u00a0\u00bbex-full\u00a0\u00bb css=\u00a0\u00bb.vc_custom_1458924391923{background-color: #1d009c !important;}\u00a0\u00bb bg_color_value=\u00a0\u00bb#1d009c\u00a0\u00bb el_id=\u00a0\u00bbh1-preinscription\u00a0\u00bb][vc_column][vc_column_text] PR\u00c9-INSCRIPTION [\/vc_column_text][\/vc_column][\/vc_row][vc_row el_id=\u00a0\u00bbcontact-preinscription\u00a0\u00bb][vc_column][\/vc_column][\/vc_row]<\/p>\n","protected":false},"author":1,"featured_media":0,"parent":0,"menu_order":0,"comment_status":"closed","ping_status":"closed","template":"template-fullwidth.php","meta":{"footnotes":""},"_links":{"self":[{"href":"https:\/\/minimoyz.lu\/index.php?rest_route=\/wp\/v2\/pages\/8"}],"collection":[{"href":"https:\/\/minimoyz.lu\/index.php?rest_route=\/wp\/v2\/pages"}],"about":[{"href":"https:\/\/minimoyz.lu\/index.php?rest_route=\/wp\/v2\/types\/page"}],"author":[{"embeddable":true,"href":"https:\/\/minimoyz.lu\/index.php?rest_route=\/wp\/v2\/users\/1"}],"replies":[{"embeddable":true,"href":"https:\/\/minimoyz.lu\/index.php?rest_route=%2Fwp%2Fv2%2Fcomments&post=8"}],"version-history":[{"count":0,"href":"https:\/\/minimoyz.lu\/index.php?rest_route=\/wp\/v2\/pages\/8\/revisions"}],"wp:attachment":[{"href":"https:\/\/minimoyz.lu\/index.php?rest_route=%2Fwp%2Fv2%2Fmedia&parent=8"}],"curies":[{"name":"wp","href":"https:\/\/api.w.org\/{rel}","templated":true}]}}